{"id":12,"date":"2019-05-07T12:11:37","date_gmt":"2019-05-07T12:11:37","guid":{"rendered":"http:\/\/stefsmassage.de\/?page_id=12"},"modified":"2022-03-11T00:46:32","modified_gmt":"2022-03-11T00:46:32","slug":"about-stef","status":"publish","type":"page","link":"http:\/\/stefsmassage.de\/","title":{"rendered":"About Stef"},"content":{"rendered":"\n<figure class=\"wp-block-image\"><img loading=\"lazy\" decoding=\"async\" width=\"200\" height=\"300\" src=\"http:\/\/stefsmassage.de\/wp-content\/uploads\/2019\/05\/20190426-_MG_9529-1-200x300.jpg\" alt=\"\" class=\"wp-image-26\" srcset=\"http:\/\/stefsmassage.de\/wp-content\/uploads\/2019\/05\/20190426-_MG_9529-1-200x300.jpg 200w, http:\/\/stefsmassage.de\/wp-content\/uploads\/2019\/05\/20190426-_MG_9529-1-768x1152.jpg 768w, http:\/\/stefsmassage.de\/wp-content\/uploads\/2019\/05\/20190426-_MG_9529-1-683x1024.jpg 683w\" sizes=\"auto, (max-width: 200px) 100vw, 200px\" \/><\/figure>\n\n\n\n<p>Mein Weg zur K\u00f6rperarbeit hat vor knapp 14 Jahren damit begonnen, dass ich einen Hatha Yoga Kurs besuchte und f\u00fcr mich erleben durfte, wie sehr die k\u00f6rperliche Gesundheit und mit dem seelischen Wohlbefinden einhergeht. <\/p>\n\n\n\n<p>Nach einigen Jahren der Yoga Praxis begegnete ich dann 2011 auch Acro Yoga sowie der Thai Yoga Massage. Ich lernte zun\u00e4chst haupts\u00e4chlich im Rahmen von Workshops und Kursen in Deutschland verschiedene Techniken und vor allem auch die Qualit\u00e4t und heilende Wirkung von Ber\u00fchrung kennen. So besuchte ich viele Kurse von LehrerInnen des sunshine Networks, die alle selbst auch in Thailand bei den gro\u00dfen Meistern die Kunst der Thai Massage erlernten. Au\u00dferdem beeinflusste mich das Wissen der Osteothai Massage von Lehrern wie David Lutt.<\/p>\n\n\n\n<p>Seit 2017 reise ich regelm\u00e4\u00dfig f\u00fcr einige Monate nach Indien um dort vor allem meine Kenntnisse im Yoga zu erweitern. Ich absolvierte meine Yoga Lehrer Ausbildung und widmete meine Praxis haupts\u00e4chlich dem Iyengar und Hatha Yoga, was ich beides seit 2017 in Berlin und S\u00fcddeutschland sowie Indien unterrichte.<\/p>\n\n\n\n<p>Um auch in der Thai Yoga Massage mein Wissen und meine Fertigkeiten zu erweitern reiste ich 2018  nach Thailand und lernte von verschiedenen erfahrenen Lehrern in Chiang Mai. Meine Lehrer in Thailand und Europa bereicherten und pr\u00e4gten meine Massagepraxis durch ihr Wissen und Verst\u00e4ndnis des menschlichen K\u00f6rpers und ihre hingebungsvolle K\u00f6rperarbeit.  <\/p>\n\n\n\n<p>Bei meinen Aufenthalten in Indien lernte ich schlie\u00dflich auch die Ayuryoga Massage kennen und vertiefte meine Massagekenntnisse im Januar 2019. Dabei konnte ich viele neue und effektive Massagetechniken kennenlernen. <\/p>\n","protected":false},"excerpt":{"rendered":"<p>Mein Weg zur K\u00f6rperarbeit hat vor knapp 14 Jahren damit begonnen, dass ich einen Hatha Yoga Kurs besuchte und f\u00fcr mich erleben durfte, wie sehr die k\u00f6rperliche Gesundheit und mit dem seelischen Wohlbefinden einhergeht. Nach einigen Jahren der Yoga Praxis begegnete ich dann 2011 auch Acro Yoga sowie der Thai Yoga Massage. Ich lernte zun\u00e4chst &hellip; <\/p>\n<p class=\"link-more\"><a href=\"http:\/\/stefsmassage.de\/\" class=\"more-link\"><span class=\"screen-reader-text\">\u201eAbout Stef\u201c <\/span>weiterlesen<\/a><\/p>\n","protected":false},"author":1,"featured_media":27,"parent":0,"menu_order":0,"comment_status":"closed","ping_status":"closed","template":"","meta":{"footnotes":""},"class_list":["post-12","page","type-page","status-publish","has-post-thumbnail","hentry"],"_links":{"self":[{"href":"http:\/\/stefsmassage.de\/index.php?rest_route=\/wp\/v2\/pages\/12","targetHints":{"allow":["GET"]}}],"collection":[{"href":"http:\/\/stefsmassage.de\/index.php?rest_route=\/wp\/v2\/pages"}],"about":[{"href":"http:\/\/stefsmassage.de\/index.php?rest_route=\/wp\/v2\/types\/page"}],"author":[{"embeddable":true,"href":"http:\/\/stefsmassage.de\/index.php?rest_route=\/wp\/v2\/users\/1"}],"replies":[{"embeddable":true,"href":"http:\/\/stefsmassage.de\/index.php?rest_route=%2Fwp%2Fv2%2Fcomments&post=12"}],"version-history":[{"count":7,"href":"http:\/\/stefsmassage.de\/index.php?rest_route=\/wp\/v2\/pages\/12\/revisions"}],"predecessor-version":[{"id":111,"href":"http:\/\/stefsmassage.de\/index.php?rest_route=\/wp\/v2\/pages\/12\/revisions\/111"}],"wp:featuredmedia":[{"embeddable":true,"href":"http:\/\/stefsmassage.de\/index.php?rest_route=\/wp\/v2\/media\/27"}],"wp:attachment":[{"href":"http:\/\/stefsmassage.de\/index.php?rest_route=%2Fwp%2Fv2%2Fmedia&parent=12"}],"curies":[{"name":"wp","href":"https:\/\/api.w.org\/{rel}","templated":true}]}}