{"id":37,"date":"2019-05-07T17:31:34","date_gmt":"2019-05-07T17:31:34","guid":{"rendered":"http:\/\/stefsmassage.de\/?page_id=37"},"modified":"2019-06-29T07:13:50","modified_gmt":"2019-06-29T07:13:50","slug":"thai-yoga-massage","status":"publish","type":"page","link":"http:\/\/stefsmassage.de\/?page_id=37","title":{"rendered":"Thai Yoga Massage"},"content":{"rendered":"\n<ul class=\"wp-block-gallery columns-2 is-cropped wp-block-gallery-1 is-layout-flex wp-block-gallery-is-layout-flex\"><li class=\"blocks-gallery-item\"><figure><img loading=\"lazy\" decoding=\"async\" width=\"683\" height=\"1024\" src=\"http:\/\/stefsmassage.de\/wp-content\/uploads\/2019\/05\/20190426-_MG_9534-1-683x1024.jpg\" alt=\"\" data-id=\"30\" data-link=\"http:\/\/stefsmassage.de\/?attachment_id=30\" class=\"wp-image-30\"\/><\/figure><\/li><li class=\"blocks-gallery-item\"><figure><img loading=\"lazy\" decoding=\"async\" width=\"1024\" height=\"683\" src=\"http:\/\/stefsmassage.de\/wp-content\/uploads\/2019\/05\/20190426-_MG_9546-1024x683.jpg\" alt=\"\" data-id=\"28\" data-link=\"http:\/\/stefsmassage.de\/?attachment_id=28\" class=\"wp-image-28\" srcset=\"http:\/\/stefsmassage.de\/wp-content\/uploads\/2019\/05\/20190426-_MG_9546-1024x683.jpg 1024w, http:\/\/stefsmassage.de\/wp-content\/uploads\/2019\/05\/20190426-_MG_9546-300x200.jpg 300w, http:\/\/stefsmassage.de\/wp-content\/uploads\/2019\/05\/20190426-_MG_9546-768x512.jpg 768w\" sizes=\"auto, (max-width: 767px) 89vw, (max-width: 1000px) 54vw, (max-width: 1071px) 543px, 580px\" \/><\/figure><\/li><\/ul>\n\n\n\n<p><br>Die Thai Yoga Massage basiert auf einer  Jahrtausende alten Tradition und arbeitet mit den Energielinien in unserem K\u00f6rper.<br>Sanfte und pr\u00e4zise Ber\u00fchrung sowie streches laden dazu ein, Spannungen und Blockaden zu l\u00f6sen. Leichte dynamische Bewegungen erm\u00f6glichen es, den Energiefluss im K\u00f6rper anzuregen und bewirken eine tiefe k\u00f6rperliche und mentale Entspannung. So kann die Thai Yoga Massage neben einem k\u00f6rperlichen Wohlempfinden,  gepr\u00e4gt von Leichtigkeit, oft auch unterbewusste Verarbeitungsprozesse ansto\u00dfen oder positiv unterst\u00fctzen.<\/p>\n\n\n\n<p><br>Die Behandlung ist individuell an die Bed\u00fcrfnisse der empfangenden Person abgestimmt und umfasst den gesamten K\u00f6rper.<br>Meine Lehrer in Thailand und Europa bereicherten und pr\u00e4gten meine Massagepraxis durch ihren langen Erfahrungsschatz und ihre hingebungsvolle K\u00f6rperarbeit.<\/p>\n\n\n\n<p><\/p>\n\n\n\n<figure class=\"wp-block-image\"><img loading=\"lazy\" decoding=\"async\" width=\"683\" height=\"1024\" src=\"http:\/\/stefsmassage.de\/wp-content\/uploads\/2019\/05\/20190426-_MG_9556-683x1024.jpg\" alt=\"\" class=\"wp-image-29\" srcset=\"http:\/\/stefsmassage.de\/wp-content\/uploads\/2019\/05\/20190426-_MG_9556-683x1024.jpg 683w, http:\/\/stefsmassage.de\/wp-content\/uploads\/2019\/05\/20190426-_MG_9556-200x300.jpg 200w, http:\/\/stefsmassage.de\/wp-content\/uploads\/2019\/05\/20190426-_MG_9556-768x1152.jpg 768w\" sizes=\"auto, (max-width: 683px) 100vw, 683px\" \/><\/figure>\n","protected":false},"excerpt":{"rendered":"<p>Die Thai Yoga Massage basiert auf einer Jahrtausende alten Tradition und arbeitet mit den Energielinien in unserem K\u00f6rper.Sanfte und pr\u00e4zise Ber\u00fchrung sowie streches laden dazu ein, Spannungen und Blockaden zu l\u00f6sen. Leichte dynamische Bewegungen erm\u00f6glichen es, den Energiefluss im K\u00f6rper anzuregen und bewirken eine tiefe k\u00f6rperliche und mentale Entspannung. So kann die Thai Yoga Massage &hellip; <\/p>\n<p class=\"link-more\"><a href=\"http:\/\/stefsmassage.de\/?page_id=37\" class=\"more-link\"><span class=\"screen-reader-text\">\u201eThai Yoga Massage\u201c <\/span>weiterlesen<\/a><\/p>\n","protected":false},"author":1,"featured_media":0,"parent":0,"menu_order":0,"comment_status":"closed","ping_status":"closed","template":"","meta":{"footnotes":""},"class_list":["post-37","page","type-page","status-publish","hentry"],"_links":{"self":[{"href":"http:\/\/stefsmassage.de\/index.php?rest_route=\/wp\/v2\/pages\/37","targetHints":{"allow":["GET"]}}],"collection":[{"href":"http:\/\/stefsmassage.de\/index.php?rest_route=\/wp\/v2\/pages"}],"about":[{"href":"http:\/\/stefsmassage.de\/index.php?rest_route=\/wp\/v2\/types\/page"}],"author":[{"embeddable":true,"href":"http:\/\/stefsmassage.de\/index.php?rest_route=\/wp\/v2\/users\/1"}],"replies":[{"embeddable":true,"href":"http:\/\/stefsmassage.de\/index.php?rest_route=%2Fwp%2Fv2%2Fcomments&post=37"}],"version-history":[{"count":5,"href":"http:\/\/stefsmassage.de\/index.php?rest_route=\/wp\/v2\/pages\/37\/revisions"}],"predecessor-version":[{"id":103,"href":"http:\/\/stefsmassage.de\/index.php?rest_route=\/wp\/v2\/pages\/37\/revisions\/103"}],"wp:attachment":[{"href":"http:\/\/stefsmassage.de\/index.php?rest_route=%2Fwp%2Fv2%2Fmedia&parent=37"}],"curies":[{"name":"wp","href":"https:\/\/api.w.org\/{rel}","templated":true}]}}